{"id":3374,"date":"2023-03-13T03:30:42","date_gmt":"2023-03-13T01:30:42","guid":{"rendered":"https:\/\/nobordersfounder.com\/de\/?post_type=product&#038;p=3374"},"modified":"2025-03-05T12:04:08","modified_gmt":"2025-03-05T10:04:08","slug":"private-client","status":"publish","type":"product","link":"https:\/\/nobordersfounder.com\/de\/product\/private-client\/","title":{"rendered":"ELITE PRIVATE CLIENT REMOTE"},"content":{"rendered":"<div class=\"woocommerce-tabs wc-tabs-wrapper\">\n<div id=\"tab-description\" class=\"woocommerce-Tabs-panel woocommerce-Tabs-panel--description panel entry-content wc-tab\" role=\"tabpanel\" aria-labelledby=\"tab-title-description\">\n<div class=\"flex-1 overflow-hidden\">\n<div class=\"react-scroll-to-bottom--css-yachn-79elbk h-full dark:bg-gray-800\">\n<div class=\"react-scroll-to-bottom--css-yachn-1n7m0yu\">\n<div class=\"flex flex-col text-sm dark:bg-gray-800\">\n<div class=\"group w-full text-gray-800 dark:text-gray-100 border-b border-black\/10 dark:border-gray-900\/50 bg-gray-50 dark:bg-[#444654]\">\n<div class=\"flex p-4 gap-4 text-base md:gap-6 md:max-w-2xl lg:max-w-[38rem] xl:max-w-3xl md:py-6 lg:px-0 m-auto\">\n<div class=\"relative flex w-[calc(100%-50px)] flex-col gap-1 md:gap-3 lg:w-[calc(100%-115px)]\">\n<div class=\"flex flex-grow flex-col gap-3\">\n<div class=\"min-h-[20px] flex items-start overflow-x-auto whitespace-pre-wrap break-words flex-col gap-4\">\n<div class=\"markdown prose w-full break-words dark:prose-invert light\">\n<p>Willkommen in der exklusiven Welt des No Borders Founder Private Client. Als ein angesehenes Mitglied er\u00f6ffnen Sie sich eine F\u00fclle von au\u00dfergew\u00f6hnlichen Vorteilen und personalisierten Dienstleistungen, konzipiert, um Ihren Erfolg auf unerreichte H\u00f6hen zu katapultieren.<\/p>\n<ol>\n<li>Personalisierter Offshore-Aktionsplan: Gestalten Sie in direkter Zusammenarbeit mit Alexander Erber und seinem Elite-Team einen ma\u00dfgeschneiderten Offshore-Aktionsplan, der sich nahtlos in Ihre individuellen Ziele und Ambitionen einf\u00fcgt. Nutzen Sie ihre tiefgreifenden Einblicke und strategische Beratung, um neue Dimensionen des Erfolgs zu entdecken.<\/li>\n<li>Ma\u00dfgeschneiderte Dienstleistungen: Profitieren Sie von einem umfassenden Angebot an ma\u00dfgeschneiderten Dienstleistungen, die speziell auf Ihre Bed\u00fcrfnisse zugeschnitten sind. Von rechtlichen und steuerlichen Optimierungsstrategien bis hin zu Offshore-Banking-L\u00f6sungen, globaler Lebensstilplanung und vollst\u00e4ndiger Betreuung von Rechts- und Buchhaltungspersonal &#8211; wir bieten ein breites Spektrum an Dienstleistungen zur Unterst\u00fctzung Ihrer globalen Expansion.<\/li>\n<li>Priorit\u00e4tiger Support: Erleben Sie unvergleichlichen priorisierten Support als No Borders Founder Private Client. Wir verstehen die Bedeutung von schnellem und personalisiertem Service und deshalb gew\u00e4hrleisten wir, dass Ihre Bed\u00fcrfnisse prompt und effizient erf\u00fcllt werden. Profitieren Sie von unserer h\u00f6chsten Reaktionsf\u00e4higkeit und bevorzugtem Zugang zu Alexander Erber und seinem Team.<\/li>\n<li>Exklusive Einblicke und Expertise: Erhalten Sie Zugang zu exklusiven Einblicken und Fachwissen von Alexander Erber und unserem Team von F\u00fchrungskr\u00e4ften. Mit ihrer umfangreichen Erfahrung und tiefgreifendem Branchenwissen versorgen sie Sie mit strategischer Beratung und wertvollen Einblicken, die Sie nirgendwo anders finden werden.<\/li>\n<li>VIP-Behandlung: Genie\u00dfen Sie die VIP-Behandlung, die Sie als No Borders Founder Private Client verdienen. Freuen Sie sich auf private Konsultationen mit Alexander Erber, in denen er Sie pers\u00f6nlich durch den gesamten Prozess der Strategieerstellung f\u00fchrt, indem er seine umfassende Expertise und Einblicke nutzt. Unser Director of Operations wird ebenfalls aktiv beteiligt sein, um eine akribische Aufmerksamkeit f\u00fcr Details zu gew\u00e4hrleisten und eine frische Perspektive zu bieten.<\/li>\n<li>Globales Netzwerk: Nutzen Sie unser weitreichendes Netzwerk von vertrauensw\u00fcrdigen Fachleuten und Branchenexperten weltweit. Profitieren Sie von unseren Verbindungen zu erstklassigen Buchhaltern, Anw\u00e4lten, Bankern und anderen Fachleuten, die Ihnen helfen k\u00f6nnen, Ihre Ziele mit Pr\u00e4zision und Effizienz zu erreichen.<\/li>\n<li>Au\u00dfergew\u00f6hnlicher Wert: Wir sind verpflichtet, unseren Private Clients einen au\u00dfergew\u00f6hnlichen Wert zu bieten. Unsere Expertise, personalisierter Service und umfassendes Angebot an Dienstleistungen sind alle darauf ausgerichtet, Ihren Erfolg zu maximieren und eine Rendite auf Ihre Investition zu liefern.<\/li>\n<\/ol>\n<p>Um sich als No Borders Founder Private Client zu qualifizieren, ist eine Anzahlungsgeb\u00fchr von $37.500 erforderlich. Diese Investition spiegelt unser Engagement wider, Ihnen einen beispiellosen Service zu bieten und sicherzustellen, dass Ihre Bed\u00fcrfnisse mit dem h\u00f6chsten Ma\u00df an Hingabe erf\u00fcllt werden.<\/p>\n<p>Kontaktieren Sie uns heute, um Ihre Reise als angesehener No Borders Founder Private Client zu beginnen und die Kraft von personalisierter Aufmerksamkeit, un\u00fcbertroffener Expertise und au\u00dfergew\u00f6hnlichem Erfolg in der globalen Arena zu erleben.<\/p>\n<\/div>\n<\/div>\n<\/div>\n<\/div>\n<\/div>\n<\/div>\n<\/div>\n<\/div>\n<\/div>\n<\/div>\n<\/div>\n<\/div>\n","protected":false},"excerpt":{"rendered":"<p>Tauchen Sie ein in die Welt der personalisierten Dienstleistungen und unerreichten Expertise als No Borders Founder Private Client. Gestalten Sie in enger Zusammenarbeit mit Alexander Erber und seinem Elite-Team einen ma\u00dfgeschneiderten Offshore-Aktionsplan, der exakt auf Ihre einzigartigen Ziele abgestimmt ist. Genie\u00dfen Sie exklusiven Zugang zu einem umfangreichen Portfolio an Dienstleistungen, bevorzugten Support und die h\u00f6chste Stufe der Reaktionsf\u00e4higkeit. Steigern Sie Ihren Erfolg auf au\u00dfergew\u00f6hnliche H\u00f6hen und entdecken Sie grenzenlose M\u00f6glichkeiten mit unserem unvergleichlichen Angebot f\u00fcr Private Clients.<\/p>\n","protected":false},"featured_media":3377,"template":"","meta":{"site-sidebar-layout":"default","site-content-layout":"default","ast-site-content-layout":"default","site-content-style":"default","site-sidebar-style":"default","ast-global-header-display":"","ast-banner-title-visibility":"","ast-main-header-display":"","ast-hfb-above-header-display":"","ast-hfb-below-header-display":"","ast-hfb-mobile-header-display":"","site-post-title":"","ast-breadcrumbs-content":"","ast-featured-img":"","footer-sml-layout":"","ast-disable-related-posts":"","theme-transparent-header-meta":"default","adv-header-id-meta":"","stick-header-meta":"","header-above-stick-meta":"","header-main-stick-meta":"","header-below-stick-meta":"","astra-migrate-meta-layouts":"set","ast-page-background-enabled":"default","ast-page-background-meta":{"desktop":{"background-color":"var(--ast-global-color-4)","background-image":"","background-repeat":"repeat","background-position":"center center","background-size":"auto","background-attachment":"scroll","background-type":"","background-media":"","overlay-type":"","overlay-color":"","overlay-opacity":"","overlay-gradient":""},"tablet":{"background-color":"","background-image":"","background-repeat":"repeat","background-position":"center center","background-size":"auto","background-attachment":"scroll","background-type":"","background-media":"","overlay-type":"","overlay-color":"","overlay-opacity":"","overlay-gradient":""},"mobile":{"background-color":"","background-image":"","background-repeat":"repeat","background-position":"center center","background-size":"auto","background-attachment":"scroll","background-type":"","background-media":"","overlay-type":"","overlay-color":"","overlay-opacity":"","overlay-gradient":""}},"ast-content-background-meta":{"desktop":{"background-color":"var(--ast-global-color-5)","background-image":"","background-repeat":"repeat","background-position":"center center","background-size":"auto","background-attachment":"scroll","background-type":"","background-media":"","overlay-type":"","overlay-color":"","overlay-opacity":"","overlay-gradient":""},"tablet":{"background-color":"var(--ast-global-color-5)","background-image":"","background-repeat":"repeat","background-position":"center center","background-size":"auto","background-attachment":"scroll","background-type":"","background-media":"","overlay-type":"","overlay-color":"","overlay-opacity":"","overlay-gradient":""},"mobile":{"background-color":"var(--ast-global-color-5)","background-image":"","background-repeat":"repeat","background-position":"center center","background-size":"auto","background-attachment":"scroll","background-type":"","background-media":"","overlay-type":"","overlay-color":"","overlay-opacity":"","overlay-gradient":""}}},"product_brand":[],"product_cat":[100],"product_tag":[101],"class_list":{"0":"post-3374","1":"product","2":"type-product","3":"status-publish","4":"has-post-thumbnail","6":"product_cat-business-consulting","7":"product_tag-private-client","8":"desktop-align-left","9":"tablet-align-left","10":"mobile-align-left","12":"first","13":"instock","14":"virtual","15":"sold-individually","16":"purchasable","17":"product-type-simple"},"_links":{"self":[{"href":"https:\/\/nobordersfounder.com\/de\/wp-json\/wp\/v2\/product\/3374","targetHints":{"allow":["GET"]}}],"collection":[{"href":"https:\/\/nobordersfounder.com\/de\/wp-json\/wp\/v2\/product"}],"about":[{"href":"https:\/\/nobordersfounder.com\/de\/wp-json\/wp\/v2\/types\/product"}],"version-history":[{"count":0,"href":"https:\/\/nobordersfounder.com\/de\/wp-json\/wp\/v2\/product\/3374\/revisions"}],"wp:featuredmedia":[{"embeddable":true,"href":"https:\/\/nobordersfounder.com\/de\/wp-json\/wp\/v2\/media\/3377"}],"wp:attachment":[{"href":"https:\/\/nobordersfounder.com\/de\/wp-json\/wp\/v2\/media?parent=3374"}],"wp:term":[{"taxonomy":"product_brand","embeddable":true,"href":"https:\/\/nobordersfounder.com\/de\/wp-json\/wp\/v2\/product_brand?post=3374"},{"taxonomy":"product_cat","embeddable":true,"href":"https:\/\/nobordersfounder.com\/de\/wp-json\/wp\/v2\/product_cat?post=3374"},{"taxonomy":"product_tag","embeddable":true,"href":"https:\/\/nobordersfounder.com\/de\/wp-json\/wp\/v2\/product_tag?post=3374"}],"curies":[{"name":"wp","href":"https:\/\/api.w.org\/{rel}","templated":true}]}}