{"id":85,"date":"2022-10-22T14:08:30","date_gmt":"2022-10-22T14:08:30","guid":{"rendered":"https:\/\/nobordersfounder.com\/de\/?page_id=85"},"modified":"2025-03-08T23:20:01","modified_gmt":"2025-03-08T21:20:01","slug":"faq-nobordersfounder","status":"publish","type":"page","link":"https:\/\/nobordersfounder.com\/de\/faq-nobordersfounder\/","title":{"rendered":"FAQ"},"content":{"rendered":"\t\t<div data-elementor-type=\"wp-page\" data-elementor-id=\"85\" class=\"elementor elementor-85\" data-elementor-post-type=\"page\">\n\t\t\t\t\t\t<section class=\"elementor-section elementor-top-section elementor-element elementor-element-d74e996 elementor-section-boxed elementor-section-height-default elementor-section-height-default\" data-id=\"d74e996\" data-element_type=\"section\" data-e-type=\"section\" data-settings=\"{&quot;jet_parallax_layout_list&quot;:[],&quot;background_background&quot;:&quot;classic&quot;}\">\n\t\t\t\t\t\t\t<div class=\"elementor-background-overlay\"><\/div>\n\t\t\t\t\t\t\t<div class=\"elementor-container elementor-column-gap-default\">\n\t\t\t\t\t<div class=\"elementor-column elementor-col-100 elementor-top-column elementor-element elementor-element-e73857c\" data-id=\"e73857c\" data-element_type=\"column\" data-e-type=\"column\">\n\t\t\t<div class=\"elementor-widget-wrap elementor-element-populated\">\n\t\t\t\t\t\t<div class=\"elementor-element elementor-element-0b29c27 elementor-invisible elementor-widget elementor-widget-jet-headline\" data-id=\"0b29c27\" data-element_type=\"widget\" data-e-type=\"widget\" data-settings=\"{&quot;_animation&quot;:&quot;fadeInRight&quot;}\" data-widget_type=\"jet-headline.default\">\n\t\t\t\t<div class=\"elementor-widget-container\">\n\t\t\t\t\t<h1 class=\"jet-headline jet-headline--direction-horizontal\"><span class=\"jet-headline__part jet-headline__first\"><span class=\"jet-headline__label\">H\u00e4ufig gestellte Fragen \u2013 Exklusive Einblicke von unseren Experten<\/span><\/span><span class=\"jet-headline__part jet-headline__second\"><span class=\"jet-headline__label\">- Antworten von unseren Experten<\/span><\/span><\/h1>\t\t\t\t<\/div>\n\t\t\t\t<\/div>\n\t\t\t\t<div class=\"elementor-element elementor-element-5270cd7 elementor-invisible elementor-widget elementor-widget-jet-headline\" data-id=\"5270cd7\" data-element_type=\"widget\" data-e-type=\"widget\" data-settings=\"{&quot;_animation&quot;:&quot;fadeInLeft&quot;}\" data-widget_type=\"jet-headline.default\">\n\t\t\t\t<div class=\"elementor-widget-container\">\n\t\t\t\t\t<h2 class=\"jet-headline jet-headline--direction-horizontal\"><span class=\"jet-headline__part jet-headline__first\"><span class=\"jet-headline__label\">Sie haben Fragen? Wir haben die Antworten.\n\nUnsere Experten haben die meistgestellten Fragen sorgf\u00e4ltig zusammengestellt, um Ihnen fundierte, praxisnahe Einblicke in unsere Dienstleistungen, Strategien und exklusiven M\u00f6glichkeiten zu bieten.\n\nSollten Sie hier keine passende Antwort finden, z\u00f6gern Sie nicht, uns direkt zu kontaktieren. Unser Team steht Ihnen jederzeit zur Verf\u00fcgung, um Ihnen mit pr\u00e4zisen und ma\u00dfgeschneiderten Informationen weiterzuhelfen.<\/span><\/span><\/h2>\t\t\t\t<\/div>\n\t\t\t\t<\/div>\n\t\t\t\t\t<\/div>\n\t\t<\/div>\n\t\t\t\t\t<\/div>\n\t\t<\/section>\n\t\t\t\t<section class=\"elementor-section elementor-top-section elementor-element elementor-element-45688e2 elementor-section-boxed elementor-section-height-default elementor-section-height-default\" data-id=\"45688e2\" data-element_type=\"section\" data-e-type=\"section\" data-settings=\"{&quot;jet_parallax_layout_list&quot;:[],&quot;background_background&quot;:&quot;classic&quot;}\">\n\t\t\t\t\t\t<div class=\"elementor-container elementor-column-gap-default\">\n\t\t\t\t\t<div class=\"elementor-column elementor-col-100 elementor-top-column elementor-element elementor-element-6817cd7\" data-id=\"6817cd7\" data-element_type=\"column\" data-e-type=\"column\">\n\t\t\t<div class=\"elementor-widget-wrap elementor-element-populated\">\n\t\t\t\t\t\t<div class=\"elementor-element elementor-element-fdee67a elementor-widget elementor-widget-jet-headline\" data-id=\"fdee67a\" data-element_type=\"widget\" data-e-type=\"widget\" data-widget_type=\"jet-headline.default\">\n\t\t\t\t<div class=\"elementor-widget-container\">\n\t\t\t\t\t<h2 class=\"jet-headline jet-headline--direction-horizontal\"><span class=\"jet-headline__part jet-headline__first\"><span class=\"jet-headline__label\">H\u00c4UFIG GESTELLTE <\/span><\/span><span class=\"jet-headline__space\">&nbsp;<\/span><span class=\"jet-headline__part jet-headline__second\"><span class=\"jet-headline__label\">FRAGEN<\/span><\/span><\/h2>\t\t\t\t<\/div>\n\t\t\t\t<\/div>\n\t\t\t\t<div class=\"elementor-element elementor-element-e455f8e elementor-widget elementor-widget-accordion\" data-id=\"e455f8e\" data-element_type=\"widget\" data-e-type=\"widget\" data-widget_type=\"accordion.default\">\n\t\t\t\t<div class=\"elementor-widget-container\">\n\t\t\t\t\t\t\t<div class=\"elementor-accordion\">\n\t\t\t\t\t\t\t<div class=\"elementor-accordion-item\">\n\t\t\t\t\t<div id=\"elementor-tab-title-2391\" class=\"elementor-tab-title\" data-tab=\"1\" role=\"button\" aria-controls=\"elementor-tab-content-2391\" aria-expanded=\"false\">\n\t\t\t\t\t\t\t\t\t\t\t\t\t<span class=\"elementor-accordion-icon elementor-accordion-icon-right\" aria-hidden=\"true\">\n\t\t\t\t\t\t\t\t\t\t\t\t\t\t\t<span class=\"elementor-accordion-icon-closed\"><i class=\"fas fa-plus\"><\/i><\/span>\n\t\t\t\t\t\t\t\t<span class=\"elementor-accordion-icon-opened\"><i class=\"fas fa-minus\"><\/i><\/span>\n\t\t\t\t\t\t\t\t\t\t\t\t\t\t<\/span>\n\t\t\t\t\t\t\t\t\t\t\t\t<a class=\"elementor-accordion-title\" tabindex=\"0\">Was ist No Borders Founder?<\/a>\n\t\t\t\t\t<\/div>\n\t\t\t\t\t<div id=\"elementor-tab-content-2391\" class=\"elementor-tab-content elementor-clearfix\" data-tab=\"1\" role=\"region\" aria-labelledby=\"elementor-tab-title-2391\"><p data-start=\"655\" data-end=\"858\">No Borders Founder (NBF) ist <strong data-start=\"684\" data-end=\"733\">die weltweit f\u00fchrende Elite-Beratungsboutique<\/strong> f\u00fcr vision\u00e4re Unternehmer, Investoren und hochverm\u00f6gende Privatpersonen mit <strong data-start=\"810\" data-end=\"855\">substanziellen internationalen Interessen<\/strong>.<\/p><p data-start=\"860\" data-end=\"913\">Wir entwickeln <strong data-start=\"875\" data-end=\"906\">ma\u00dfgeschneiderte Strategien<\/strong> f\u00fcr:<\/p><ul data-start=\"914\" data-end=\"1272\"><li data-start=\"914\" data-end=\"1000\"><strong data-start=\"916\" data-end=\"952\">Internationale Steueroptimierung<\/strong> \u2013 Maximale Effizienz bei absoluter Compliance<\/li><li data-start=\"1001\" data-end=\"1063\"><strong data-start=\"1003\" data-end=\"1061\">Unternehmerische Expansion &amp; globale Firmenarchitektur<\/strong><\/li><li data-start=\"1064\" data-end=\"1114\"><strong data-start=\"1066\" data-end=\"1112\">Verm\u00f6gensschutz &amp; Family Wealth Management<\/strong><\/li><li data-start=\"1115\" data-end=\"1181\"><strong data-start=\"1117\" data-end=\"1179\">Exklusive Residency- &amp; Citizenship-by-Investment-Programme<\/strong><\/li><li data-start=\"1182\" data-end=\"1272\"><strong data-start=\"1184\" data-end=\"1270\">Privates Banking &amp; Asset Diversification in den weltweit sichersten Jurisdiktionen<\/strong><\/li><\/ul><p data-start=\"1274\" data-end=\"1414\">Unsere Mandanten genie\u00dfen <strong data-start=\"1300\" data-end=\"1411\">un\u00fcbertroffene Diskretion, strategische Exzellenz und eine partnerschaftliche Betreuung auf h\u00f6chstem Niveau<\/strong>.<\/p><\/div>\n\t\t\t\t<\/div>\n\t\t\t\t\t\t\t<div class=\"elementor-accordion-item\">\n\t\t\t\t\t<div id=\"elementor-tab-title-2392\" class=\"elementor-tab-title\" data-tab=\"2\" role=\"button\" aria-controls=\"elementor-tab-content-2392\" aria-expanded=\"false\">\n\t\t\t\t\t\t\t\t\t\t\t\t\t<span class=\"elementor-accordion-icon elementor-accordion-icon-right\" aria-hidden=\"true\">\n\t\t\t\t\t\t\t\t\t\t\t\t\t\t\t<span class=\"elementor-accordion-icon-closed\"><i class=\"fas fa-plus\"><\/i><\/span>\n\t\t\t\t\t\t\t\t<span class=\"elementor-accordion-icon-opened\"><i class=\"fas fa-minus\"><\/i><\/span>\n\t\t\t\t\t\t\t\t\t\t\t\t\t\t<\/span>\n\t\t\t\t\t\t\t\t\t\t\t\t<a class=\"elementor-accordion-title\" tabindex=\"0\">Welche Art von Dienstleistungen bietet No Borders Founder an?<\/a>\n\t\t\t\t\t<\/div>\n\t\t\t\t\t<div id=\"elementor-tab-content-2392\" class=\"elementor-tab-content elementor-clearfix\" data-tab=\"2\" role=\"region\" aria-labelledby=\"elementor-tab-title-2392\"><p>No Borders Founder bietet eine Vielzahl von Dienstleistungen f\u00fcr 7- und 8-stellige Unternehmer und Investoren an. Dazu geh\u00f6ren die Verlagerung von Gesch\u00e4ften und Verm\u00f6genswerten ins Ausland, die internationale Steuerplanung, die Beschaffung einer zweiten Staatsb\u00fcrgerschaft, die Offshore-Bankl\u00f6sungen und vieles mehr. Unsere Dienstleistungen sind ma\u00dfgeschneidert und auf die individuellen Bed\u00fcrfnisse jedes Klienten zugeschnitten. Wir sind stolz darauf, unseren Klienten dabei zu helfen, ihr Verm\u00f6gen zu sch\u00fctzen und ihre Freiheit zu maximieren.<\/p><\/div>\n\t\t\t\t<\/div>\n\t\t\t\t\t\t\t<div class=\"elementor-accordion-item\">\n\t\t\t\t\t<div id=\"elementor-tab-title-2393\" class=\"elementor-tab-title\" data-tab=\"3\" role=\"button\" aria-controls=\"elementor-tab-content-2393\" aria-expanded=\"false\">\n\t\t\t\t\t\t\t\t\t\t\t\t\t<span class=\"elementor-accordion-icon elementor-accordion-icon-right\" aria-hidden=\"true\">\n\t\t\t\t\t\t\t\t\t\t\t\t\t\t\t<span class=\"elementor-accordion-icon-closed\"><i class=\"fas fa-plus\"><\/i><\/span>\n\t\t\t\t\t\t\t\t<span class=\"elementor-accordion-icon-opened\"><i class=\"fas fa-minus\"><\/i><\/span>\n\t\t\t\t\t\t\t\t\t\t\t\t\t\t<\/span>\n\t\t\t\t\t\t\t\t\t\t\t\t<a class=\"elementor-accordion-title\" tabindex=\"0\">Ist No Borders Founder ein seri\u00f6ser & rechtssicherer Anbieter?<\/a>\n\t\t\t\t\t<\/div>\n\t\t\t\t\t<div id=\"elementor-tab-content-2393\" class=\"elementor-tab-content elementor-clearfix\" data-tab=\"3\" role=\"region\" aria-labelledby=\"elementor-tab-title-2393\"><p data-start=\"2577\" data-end=\"2755\">Absolut. Unsere gesamte Beratung basiert auf <strong data-start=\"2622\" data-end=\"2696\">100 % rechtssicheren, konformen und international bew\u00e4hrten Strategien<\/strong>, die den h\u00f6chsten regulatorischen Standards entsprechen.<\/p><p data-start=\"2757\" data-end=\"2779\"><strong data-start=\"2760\" data-end=\"2777\">Unser Ansatz:<\/strong><\/p><ul data-start=\"2780\" data-end=\"3083\"><li data-start=\"2780\" data-end=\"2915\"><strong data-start=\"2782\" data-end=\"2825\">OECD- &amp; FATF-konforme Steueroptimierung<\/strong> \u2013 Keine \u201eSteueroasen-Spielereien\u201c, sondern nachhaltige, <strong data-start=\"2882\" data-end=\"2913\">gesetzeskonforme Gestaltung<\/strong><\/li><li data-start=\"2916\" data-end=\"2993\"><strong data-start=\"2918\" data-end=\"2991\">Zusammenarbeit mit f\u00fchrenden Steueranw\u00e4lten, Finanzstrategen &amp; Banken<\/strong><\/li><li data-start=\"2994\" data-end=\"3083\"><strong data-start=\"2996\" data-end=\"3081\">Internationale Due-Diligence-Prozesse, um vollst\u00e4ndige Compliance sicherzustellen<\/strong><\/li><\/ul><p data-start=\"3085\" data-end=\"3280\"><strong data-start=\"3085\" data-end=\"3144\">Steuervermeidung ist legal \u2013 Steuerhinterziehung nicht.<\/strong> Unsere Klienten profitieren von <strong data-start=\"3177\" data-end=\"3205\">hocheffizienten L\u00f6sungen<\/strong>, die unternehmerische Freiheit und finanzielle Souver\u00e4nit\u00e4t garantieren<\/p><\/div>\n\t\t\t\t<\/div>\n\t\t\t\t\t\t\t<div class=\"elementor-accordion-item\">\n\t\t\t\t\t<div id=\"elementor-tab-title-2394\" class=\"elementor-tab-title\" data-tab=\"4\" role=\"button\" aria-controls=\"elementor-tab-content-2394\" aria-expanded=\"false\">\n\t\t\t\t\t\t\t\t\t\t\t\t\t<span class=\"elementor-accordion-icon elementor-accordion-icon-right\" aria-hidden=\"true\">\n\t\t\t\t\t\t\t\t\t\t\t\t\t\t\t<span class=\"elementor-accordion-icon-closed\"><i class=\"fas fa-plus\"><\/i><\/span>\n\t\t\t\t\t\t\t\t<span class=\"elementor-accordion-icon-opened\"><i class=\"fas fa-minus\"><\/i><\/span>\n\t\t\t\t\t\t\t\t\t\t\t\t\t\t<\/span>\n\t\t\t\t\t\t\t\t\t\t\t\t<a class=\"elementor-accordion-title\" tabindex=\"0\">Welche Mindestanforderungen muss ich erf\u00fcllen, um Klient bei No Borders Founder zu werden?<\/a>\n\t\t\t\t\t<\/div>\n\t\t\t\t\t<div id=\"elementor-tab-content-2394\" class=\"elementor-tab-content elementor-clearfix\" data-tab=\"4\" role=\"region\" aria-labelledby=\"elementor-tab-title-2394\"><p data-start=\"3388\" data-end=\"3549\">Unser <strong data-start=\"3394\" data-end=\"3502\">exklusives Beratungsmodell richtet sich an herausragende Unternehmer, Investoren und verm\u00f6gende Familien<\/strong>, die auf einem <strong data-start=\"3518\" data-end=\"3546\">globalen Level operieren<\/strong>.<\/p><p data-start=\"3551\" data-end=\"3605\"><strong data-start=\"3554\" data-end=\"3603\"><br \/>Mindestanforderungen f\u00fcr eine Zusammenarbeit:<\/strong><\/p><ul data-start=\"3606\" data-end=\"3891\"><li data-start=\"3606\" data-end=\"3682\"><strong data-start=\"3608\" data-end=\"3680\">Mindestens 500.000 USD Jahreseinkommen ODER 1 Mio. USD Nettoverm\u00f6gen<\/strong><\/li><li data-start=\"3683\" data-end=\"3777\">Bereitschaft, in eine <strong data-start=\"3707\" data-end=\"3760\">strategisch durchdachte, langfristige Optimierung<\/strong> zu investieren<\/li><li data-start=\"3778\" data-end=\"3891\">Eine <strong data-start=\"3785\" data-end=\"3815\">internationale Perspektive<\/strong> mit dem Ziel, globale Freiheit und finanzielle Souver\u00e4nit\u00e4t zu maximieren<\/li><\/ul><p data-start=\"3893\" data-end=\"4153\">Unsere Beratung ist <strong data-start=\"3913\" data-end=\"3956\">hochindividuell, limitiert und exklusiv<\/strong>. Wir bieten <strong data-start=\"3969\" data-end=\"4020\">keine kostenlosen Gespr\u00e4che oder Massenl\u00f6sungen<\/strong>. Wer mit uns arbeitet, sucht <strong data-start=\"4050\" data-end=\"4150\">ma\u00dfgeschneiderte Elite-Strategien \u2013 nicht generische Steuertricks oder Offshore-Pauschall\u00f6sungen<\/strong>.<\/p><\/div>\n\t\t\t\t<\/div>\n\t\t\t\t\t\t\t<div class=\"elementor-accordion-item\">\n\t\t\t\t\t<div id=\"elementor-tab-title-2395\" class=\"elementor-tab-title\" data-tab=\"5\" role=\"button\" aria-controls=\"elementor-tab-content-2395\" aria-expanded=\"false\">\n\t\t\t\t\t\t\t\t\t\t\t\t\t<span class=\"elementor-accordion-icon elementor-accordion-icon-right\" aria-hidden=\"true\">\n\t\t\t\t\t\t\t\t\t\t\t\t\t\t\t<span class=\"elementor-accordion-icon-closed\"><i class=\"fas fa-plus\"><\/i><\/span>\n\t\t\t\t\t\t\t\t<span class=\"elementor-accordion-icon-opened\"><i class=\"fas fa-minus\"><\/i><\/span>\n\t\t\t\t\t\t\t\t\t\t\t\t\t\t<\/span>\n\t\t\t\t\t\t\t\t\t\t\t\t<a class=\"elementor-accordion-title\" tabindex=\"0\">Warum sollte ich No Borders Founder anderen Anbietern vorziehen?<\/a>\n\t\t\t\t\t<\/div>\n\t\t\t\t\t<div id=\"elementor-tab-content-2395\" class=\"elementor-tab-content elementor-clearfix\" data-tab=\"5\" role=\"region\" aria-labelledby=\"elementor-tab-title-2395\"><p data-start=\"4235\" data-end=\"4456\">Der Markt ist voll von <strong data-start=\"4258\" data-end=\"4355\">generischen \u201eOffshore- &amp; Steueroptimierungs-Beratern\u201c, die standardisierte L\u00f6sungen verkaufen<\/strong> \u2013 oft ohne tiefgreifende Expertise. No Borders Founder setzt einen <strong data-start=\"4423\" data-end=\"4453\">neuen Ma\u00dfstab an Exzellenz<\/strong>.<\/p><p data-start=\"4458\" data-end=\"4493\">\ud83d\udc8e <strong data-start=\"4461\" data-end=\"4491\">Was uns einzigartig macht:<\/strong><\/p><ul data-start=\"4494\" data-end=\"5066\"><li data-start=\"4494\" data-end=\"4615\"><strong data-start=\"4496\" data-end=\"4533\">Boutique-Beratung auf Elite-Level<\/strong> \u2013 Keine Standardmodelle, sondern <strong data-start=\"4567\" data-end=\"4613\">ma\u00dfgeschneiderte, rechtssichere Strategien<\/strong><\/li><li data-start=\"4616\" data-end=\"4759\"><strong data-start=\"4618\" data-end=\"4680\">Alexander Erber &amp; ein globales High-Level-Expertennetzwerk<\/strong> \u2013 Direkter Zugang zu den besten Steueranw\u00e4lten, Bankern &amp; Strategen weltweit<\/li><li data-start=\"4760\" data-end=\"4906\"><strong data-start=\"4762\" data-end=\"4796\">Echte, praxiserprobte L\u00f6sungen<\/strong> \u2013 <strong data-start=\"4799\" data-end=\"4830\">Wir leben, was wir beraten.<\/strong> Unsere Konzepte basieren auf realen, bew\u00e4hrten Methoden \u2013 keine Theorien.<\/li><li data-start=\"4907\" data-end=\"5066\"><strong data-start=\"4909\" data-end=\"4953\">Un\u00fcbertroffene Exklusivit\u00e4t &amp; Diskretion<\/strong> \u2013 Unsere Klienten genie\u00dfen einen <strong data-start=\"4987\" data-end=\"5020\">ma\u00dfgeschneiderten VIP-Service<\/strong>, der weit \u00fcber Standardl\u00f6sungen hinausgeht.<\/li><\/ul><\/div>\n\t\t\t\t<\/div>\n\t\t\t\t\t\t\t<div class=\"elementor-accordion-item\">\n\t\t\t\t\t<div id=\"elementor-tab-title-2396\" class=\"elementor-tab-title\" data-tab=\"6\" role=\"button\" aria-controls=\"elementor-tab-content-2396\" aria-expanded=\"false\">\n\t\t\t\t\t\t\t\t\t\t\t\t\t<span class=\"elementor-accordion-icon elementor-accordion-icon-right\" aria-hidden=\"true\">\n\t\t\t\t\t\t\t\t\t\t\t\t\t\t\t<span class=\"elementor-accordion-icon-closed\"><i class=\"fas fa-plus\"><\/i><\/span>\n\t\t\t\t\t\t\t\t<span class=\"elementor-accordion-icon-opened\"><i class=\"fas fa-minus\"><\/i><\/span>\n\t\t\t\t\t\t\t\t\t\t\t\t\t\t<\/span>\n\t\t\t\t\t\t\t\t\t\t\t\t<a class=\"elementor-accordion-title\" tabindex=\"0\">Wie l\u00e4uft die Zusammenarbeit mit No Borders Founder ab?<\/a>\n\t\t\t\t\t<\/div>\n\t\t\t\t\t<div id=\"elementor-tab-content-2396\" class=\"elementor-tab-content elementor-clearfix\" data-tab=\"6\" role=\"region\" aria-labelledby=\"elementor-tab-title-2396\"><p data-start=\"5139\" data-end=\"5249\">Da unsere Kapazit\u00e4ten limitiert sind, beginnen wir mit einer <strong data-start=\"5200\" data-end=\"5229\">qualifizierten Vorauswahl<\/strong> unserer Klienten.<\/p><p data-start=\"5251\" data-end=\"5608\"><strong data-start=\"5254\" data-end=\"5268\">Schritt 1:<\/strong> <strong data-start=\"5269\" data-end=\"5293\">Erste Anfrage senden<\/strong> \u2013 Teilen Sie uns Ihre Anforderungen mit.<br data-start=\"5334\" data-end=\"5337\" \/><strong data-start=\"5340\" data-end=\"5354\"><br \/>Schritt 2:<\/strong> <strong data-start=\"5355\" data-end=\"5383\">Strategische Evaluierung<\/strong> \u2013 Unser Team pr\u00fcft, ob und wie wir Ihr Anliegen bestm\u00f6glich umsetzen k\u00f6nnen.<br data-start=\"5460\" data-end=\"5463\" \/><strong data-start=\"5466\" data-end=\"5480\"><br \/>Schritt 3:<\/strong> <strong data-start=\"5481\" data-end=\"5511\">Ma\u00dfgeschneiderte Umsetzung<\/strong> \u2013 Nach Annahme beginnen wir mit einer pr\u00e4zisen, individuell abgestimmten Strategieentwicklung.<\/p><p data-start=\"5610\" data-end=\"5784\"><strong data-start=\"5610\" data-end=\"5622\">Hinweis:<\/strong> No Borders Founder arbeitet ausschlie\u00dflich mit einer <strong data-start=\"5676\" data-end=\"5719\">limitierten Anzahl an Klienten pro Jahr<\/strong>, um h\u00f6chste Beratungsqualit\u00e4t und Diskretion zu gew\u00e4hrleisten.<\/p><p data-start=\"5786\" data-end=\"5895\"><strong data-start=\"5789\" data-end=\"5831\">Bereit, den n\u00e4chsten Schritt zu gehen?<\/strong> <strong data-start=\"5832\" data-end=\"5893\">Kontaktieren Sie uns f\u00fcr eine strategische Erstbewertung.<\/strong><\/p><\/div>\n\t\t\t\t<\/div>\n\t\t\t\t\t\t\t<div class=\"elementor-accordion-item\">\n\t\t\t\t\t<div id=\"elementor-tab-title-2397\" class=\"elementor-tab-title\" data-tab=\"7\" role=\"button\" aria-controls=\"elementor-tab-content-2397\" aria-expanded=\"false\">\n\t\t\t\t\t\t\t\t\t\t\t\t\t<span class=\"elementor-accordion-icon elementor-accordion-icon-right\" aria-hidden=\"true\">\n\t\t\t\t\t\t\t\t\t\t\t\t\t\t\t<span class=\"elementor-accordion-icon-closed\"><i class=\"fas fa-plus\"><\/i><\/span>\n\t\t\t\t\t\t\t\t<span class=\"elementor-accordion-icon-opened\"><i class=\"fas fa-minus\"><\/i><\/span>\n\t\t\t\t\t\t\t\t\t\t\t\t\t\t<\/span>\n\t\t\t\t\t\t\t\t\t\t\t\t<a class=\"elementor-accordion-title\" tabindex=\"0\">Warum ist No Borders Founder so selektiv in der Klientenauswahl?<\/a>\n\t\t\t\t\t<\/div>\n\t\t\t\t\t<div id=\"elementor-tab-content-2397\" class=\"elementor-tab-content elementor-clearfix\" data-tab=\"7\" role=\"region\" aria-labelledby=\"elementor-tab-title-2397\"><p data-start=\"5977\" data-end=\"6263\">Unsere Expertise und unser Ansatz sind <strong data-start=\"6016\" data-end=\"6044\">nicht f\u00fcr jeden geeignet<\/strong>. Wir beraten ausschlie\u00dflich <strong data-start=\"6073\" data-end=\"6137\">erfolgreiche Unternehmer, Investoren und verm\u00f6gende Familien<\/strong>, die <strong data-start=\"6143\" data-end=\"6192\">nachhaltige, strategisch durchdachte L\u00f6sungen<\/strong> suchen \u2013 nicht kurzfristige Tricks oder generische Offshore-Modelle.<\/p><p data-start=\"6265\" data-end=\"6744\"><strong data-start=\"6265\" data-end=\"6323\">Warum arbeiten wir nur mit einer limitierten Klientel?<\/strong><br data-start=\"6323\" data-end=\"6326\" \/><strong data-start=\"6330\" data-end=\"6355\"><br \/>Exzellenz statt Masse<\/strong> \u2013 Wir bieten nur erstklassige, ma\u00dfgeschneiderte L\u00f6sungen auf h\u00f6chstem Niveau.<br data-start=\"6433\" data-end=\"6436\" \/><strong data-start=\"6440\" data-end=\"6481\"><br \/>Individuelle Betreuung auf VIP-Niveau<\/strong> \u2013 Unsere Klienten erhalten <strong data-start=\"6509\" data-end=\"6534\">pers\u00f6nliche Betreuung<\/strong>, absolute Diskretion und eine <strong data-start=\"6565\" data-end=\"6592\">exklusive Partnerschaft<\/strong>.<br data-start=\"6593\" data-end=\"6596\" \/><strong data-start=\"6600\" data-end=\"6652\"><br \/>Strategische Partnerschaften statt Transaktionen<\/strong> \u2013 Wir bauen langfristige Beziehungen auf und begleiten unsere Klienten \u00fcber Jahre hinweg.<\/p><p data-start=\"6746\" data-end=\"6908\"><strong data-start=\"6746\" data-end=\"6906\">Unsere Beratung ist nicht f\u00fcr jedermann \u2013 sie ist f\u00fcr diejenigen, die bereit sind, ihre finanzielle und unternehmerische Freiheit strategisch zu maximieren.<\/strong><\/p><\/div>\n\t\t\t\t<\/div>\n\t\t\t\t\t\t\t\t<\/div>\n\t\t\t\t\t\t<\/div>\n\t\t\t\t<\/div>\n\t\t\t\t\t<\/div>\n\t\t<\/div>\n\t\t\t\t\t<\/div>\n\t\t<\/section>\n\t\t\t\t<\/div>\n\t\t","protected":false},"excerpt":{"rendered":"<p>Die meistgestellten Fragen an No Borders Founder &#8211; Antworten von unseren Experten Wenn Sie hier keine passende Antwort auf Ihre Frage finden, z\u00f6gern Sie nicht, uns zu kontaktieren. Wir werden uns umgehend bei Ihnen melden und Ihnen weiterhelfen. H\u00c4UFIG GESTELLTE \u00a0FRAGEN Was ist No Borders Founder? No Borders Founder, oder kurz NBF, ist eine der [&hellip;]<\/p>\n","protected":false},"author":7,"featured_media":0,"parent":0,"menu_order":0,"comment_status":"closed","ping_status":"closed","template":"elementor_header_footer","meta":{"site-sidebar-layout":"no-sidebar","site-content-layout":"page-builder","ast-site-content-layout":"full-width-container","site-content-style":"unboxed","site-sidebar-style":"unboxed","ast-global-header-display":"","ast-banner-title-visibility":"","ast-main-header-display":"","ast-hfb-above-header-display":"","ast-hfb-below-header-display":"","ast-hfb-mobile-header-display":"","site-post-title":"disabled","ast-breadcrumbs-content":"","ast-featured-img":"disabled","footer-sml-layout":"","ast-disable-related-posts":"","theme-transparent-header-meta":"default","adv-header-id-meta":"","stick-header-meta":"","header-above-stick-meta":"","header-main-stick-meta":"","header-below-stick-meta":"","astra-migrate-meta-layouts":"set","ast-page-background-enabled":"default","ast-page-background-meta":{"desktop":{"background-color":"var(--ast-global-color-4)","background-image":"","background-repeat":"repeat","background-position":"center center","background-size":"auto","background-attachment":"scroll","background-type":"","background-media":"","overlay-type":"","overlay-color":"","overlay-opacity":"","overlay-gradient":""},"tablet":{"background-color":"","background-image":"","background-repeat":"repeat","background-position":"center center","background-size":"auto","background-attachment":"scroll","background-type":"","background-media":"","overlay-type":"","overlay-color":"","overlay-opacity":"","overlay-gradient":""},"mobile":{"background-color":"","background-image":"","background-repeat":"repeat","background-position":"center center","background-size":"auto","background-attachment":"scroll","background-type":"","background-media":"","overlay-type":"","overlay-color":"","overlay-opacity":"","overlay-gradient":""}},"ast-content-background-meta":{"desktop":{"background-color":"var(--ast-global-color-5)","background-image":"","background-repeat":"repeat","background-position":"center center","background-size":"auto","background-attachment":"scroll","background-type":"","background-media":"","overlay-type":"","overlay-color":"","overlay-opacity":"","overlay-gradient":""},"tablet":{"background-color":"var(--ast-global-color-5)","background-image":"","background-repeat":"repeat","background-position":"center center","background-size":"auto","background-attachment":"scroll","background-type":"","background-media":"","overlay-type":"","overlay-color":"","overlay-opacity":"","overlay-gradient":""},"mobile":{"background-color":"var(--ast-global-color-5)","background-image":"","background-repeat":"repeat","background-position":"center center","background-size":"auto","background-attachment":"scroll","background-type":"","background-media":"","overlay-type":"","overlay-color":"","overlay-opacity":"","overlay-gradient":""}},"footnotes":""},"class_list":["post-85","page","type-page","status-publish","hentry"],"_links":{"self":[{"href":"https:\/\/nobordersfounder.com\/de\/wp-json\/wp\/v2\/pages\/85","targetHints":{"allow":["GET"]}}],"collection":[{"href":"https:\/\/nobordersfounder.com\/de\/wp-json\/wp\/v2\/pages"}],"about":[{"href":"https:\/\/nobordersfounder.com\/de\/wp-json\/wp\/v2\/types\/page"}],"author":[{"embeddable":true,"href":"https:\/\/nobordersfounder.com\/de\/wp-json\/wp\/v2\/users\/7"}],"replies":[{"embeddable":true,"href":"https:\/\/nobordersfounder.com\/de\/wp-json\/wp\/v2\/comments?post=85"}],"version-history":[{"count":0,"href":"https:\/\/nobordersfounder.com\/de\/wp-json\/wp\/v2\/pages\/85\/revisions"}],"wp:attachment":[{"href":"https:\/\/nobordersfounder.com\/de\/wp-json\/wp\/v2\/media?parent=85"}],"curies":[{"name":"wp","href":"https:\/\/api.w.org\/{rel}","templated":true}]}}