{"id":19,"date":"2022-10-22T13:01:26","date_gmt":"2022-10-22T11:01:26","guid":{"rendered":"https:\/\/nobordersfounder.com\/de\/?page_id=19"},"modified":"2025-03-05T19:19:45","modified_gmt":"2025-03-05T17:19:45","slug":"kontakt-nobordersfounder","status":"publish","type":"page","link":"https:\/\/nobordersfounder.com\/de\/kontakt-nobordersfounder\/","title":{"rendered":"Kontakt"},"content":{"rendered":"\t\t<div data-elementor-type=\"wp-page\" data-elementor-id=\"19\" class=\"elementor elementor-19\" data-elementor-post-type=\"page\">\n\t\t\t\t\t\t<section class=\"elementor-section elementor-top-section elementor-element elementor-element-6e27637 elementor-section-boxed elementor-section-height-default elementor-section-height-default\" data-id=\"6e27637\" data-element_type=\"section\" data-e-type=\"section\" data-settings=\"{&quot;jet_parallax_layout_list&quot;:[],&quot;background_background&quot;:&quot;classic&quot;}\">\n\t\t\t\t\t\t<div class=\"elementor-container elementor-column-gap-no\">\n\t\t\t\t\t<div class=\"elementor-column elementor-col-100 elementor-top-column elementor-element elementor-element-ed973fa\" data-id=\"ed973fa\" data-element_type=\"column\" data-e-type=\"column\">\n\t\t\t<div class=\"elementor-widget-wrap elementor-element-populated\">\n\t\t\t\t\t\t<section class=\"elementor-section elementor-inner-section elementor-element elementor-element-f28310e elementor-section-boxed elementor-section-height-default elementor-section-height-default\" data-id=\"f28310e\" data-element_type=\"section\" data-e-type=\"section\" data-settings=\"{&quot;jet_parallax_layout_list&quot;:[],&quot;background_background&quot;:&quot;classic&quot;,&quot;animation&quot;:&quot;none&quot;}\">\n\t\t\t\t\t\t<div class=\"elementor-container elementor-column-gap-no\">\n\t\t\t\t\t<div class=\"elementor-column elementor-col-100 elementor-inner-column elementor-element elementor-element-c8584da\" data-id=\"c8584da\" data-element_type=\"column\" data-e-type=\"column\" data-settings=\"{&quot;background_background&quot;:&quot;classic&quot;}\">\n\t\t\t<div class=\"elementor-widget-wrap elementor-element-populated\">\n\t\t\t\t\t\t\t<\/div>\n\t\t<\/div>\n\t\t\t\t\t<\/div>\n\t\t<\/section>\n\t\t\t\t\t<\/div>\n\t\t<\/div>\n\t\t\t\t\t<\/div>\n\t\t<\/section>\n\t\t\t\t<section class=\"elementor-section elementor-top-section elementor-element elementor-element-9695d9f elementor-section-boxed elementor-section-height-default elementor-section-height-default\" data-id=\"9695d9f\" data-element_type=\"section\" data-e-type=\"section\" data-settings=\"{&quot;jet_parallax_layout_list&quot;:[],&quot;background_background&quot;:&quot;classic&quot;}\">\n\t\t\t\t\t\t<div class=\"elementor-container elementor-column-gap-no\">\n\t\t\t\t\t<div class=\"elementor-column elementor-col-100 elementor-top-column elementor-element elementor-element-cad19f4\" data-id=\"cad19f4\" data-element_type=\"column\" data-e-type=\"column\">\n\t\t\t<div class=\"elementor-widget-wrap elementor-element-populated\">\n\t\t\t\t\t\t<section class=\"elementor-section elementor-inner-section elementor-element elementor-element-1621a49 elementor-section-boxed elementor-section-height-default elementor-section-height-default\" data-id=\"1621a49\" data-element_type=\"section\" data-e-type=\"section\" data-settings=\"{&quot;jet_parallax_layout_list&quot;:[],&quot;background_background&quot;:&quot;classic&quot;}\">\n\t\t\t\t\t\t<div class=\"elementor-container elementor-column-gap-no\">\n\t\t\t\t\t<div class=\"elementor-column elementor-col-50 elementor-inner-column elementor-element elementor-element-e11c287 elementor-invisible\" data-id=\"e11c287\" data-element_type=\"column\" data-e-type=\"column\" data-settings=\"{&quot;animation&quot;:&quot;fadeInLeft&quot;}\">\n\t\t\t<div class=\"elementor-widget-wrap elementor-element-populated\">\n\t\t\t\t\t\t<div class=\"elementor-element elementor-element-1044d1c elementor-widget elementor-widget-image\" data-id=\"1044d1c\" data-element_type=\"widget\" data-e-type=\"widget\" data-widget_type=\"image.default\">\n\t\t\t\t<div class=\"elementor-widget-container\">\n\t\t\t\t\t\t\t\t\t\t\t\t\t\t\t<img fetchpriority=\"high\" decoding=\"async\" width=\"640\" height=\"960\" src=\"https:\/\/nobordersfounder.com\/de\/wp-content\/uploads\/2023\/07\/pexels-vinta-supply-co-_-nyc-842961.jpg\" class=\"attachment-large size-large wp-image-4330\" alt=\"\" srcset=\"https:\/\/nobordersfounder.com\/de\/wp-content\/uploads\/2023\/07\/pexels-vinta-supply-co-_-nyc-842961.jpg 640w, https:\/\/nobordersfounder.com\/de\/wp-content\/uploads\/2023\/07\/pexels-vinta-supply-co-_-nyc-842961-200x300.jpg 200w, https:\/\/nobordersfounder.com\/de\/wp-content\/uploads\/2023\/07\/pexels-vinta-supply-co-_-nyc-842961-600x900.jpg 600w\" sizes=\"(max-width: 640px) 100vw, 640px\">\t\t\t\t\t\t\t\t\t\t\t\t\t\t\t<\/div>\n\t\t\t\t<\/div>\n\t\t\t\t\t<\/div>\n\t\t<\/div>\n\t\t\t\t<div class=\"elementor-column elementor-col-50 elementor-inner-column elementor-element elementor-element-60d9872\" data-id=\"60d9872\" data-element_type=\"column\" data-e-type=\"column\" data-settings=\"{&quot;background_background&quot;:&quot;classic&quot;}\">\n\t\t\t<div class=\"elementor-widget-wrap elementor-element-populated\">\n\t\t\t\t\t\t<div class=\"elementor-element elementor-element-6da8103 elementor-widget elementor-widget-heading\" data-id=\"6da8103\" data-element_type=\"widget\" data-e-type=\"widget\" data-widget_type=\"heading.default\">\n\t\t\t\t<div class=\"elementor-widget-container\">\n\t\t\t\t\t<h3 class=\"elementor-heading-title elementor-size-default\">Direkter Zugang zu internationaler Finanzstrategie &amp; unternehmerischer Souver\u00e4nit\u00e4t.\n\n<\/h3>\t\t\t\t<\/div>\n\t\t\t\t<\/div>\n\t\t\t\t<div class=\"elementor-element elementor-element-c90896a elementor-widget elementor-widget-heading\" data-id=\"c90896a\" data-element_type=\"widget\" data-e-type=\"widget\" data-widget_type=\"heading.default\">\n\t\t\t\t<div class=\"elementor-widget-container\">\n\t\t\t\t\t<h3 class=\"elementor-heading-title elementor-size-default\">Ma\u00dfgeschneiderte Strategien f\u00fcr finanzielle Souver\u00e4nit\u00e4t, globale Mobilit\u00e4t &amp; langfristigen Verm\u00f6gensschutz.\n\n<\/h3>\t\t\t\t<\/div>\n\t\t\t\t<\/div>\n\t\t\t\t<div class=\"elementor-element elementor-element-d54645b elementor-widget elementor-widget-text-editor\" data-id=\"d54645b\" data-element_type=\"widget\" data-e-type=\"widget\" data-widget_type=\"text-editor.default\">\n\t\t\t\t<div class=\"elementor-widget-container\">\n\t\t\t\t\t\t\t\t\t<h3 data-start=\"650\" data-end=\"744\"><span style=\"color: #ffffff;\"><strong data-start=\"653\" data-end=\"742\">No Borders Founder \u2013 Exklusive Strategie f\u00fcr Unternehmer, Investoren &amp; Family Offices<\/strong><\/span><\/h3><p data-start=\"746\" data-end=\"868\"><strong data-start=\"746\" data-end=\"866\"><br \/>Erfolg ist kein Zufall \u2013 sondern das Resultat strategischer Weitsicht, pr\u00e4ziser Planung &amp; rechtssicherer Strukturen.<\/strong><\/p><p data-start=\"870\" data-end=\"1205\"><strong data-start=\"870\" data-end=\"892\">No Borders Founder<\/strong> ist eine <strong data-start=\"902\" data-end=\"933\">exklusive Advisory Boutique<\/strong>, spezialisiert auf <strong data-start=\"953\" data-end=\"1016\">Corporate Structuring, Tax Optimization &amp; Wealth Protection<\/strong>. <br \/><br \/>Wir entwickeln individuelle Strategien f\u00fcr vision\u00e4re Unternehmer, HNWIs &amp; Family Offices, die ihr Verm\u00f6gen sch\u00fctzen, steuerliche Effizienz maximieren &amp; globale Mobilit\u00e4t sichern wollen.<\/p><h3 data-start=\"1207\" data-end=\"1276\"><span style=\"font-size: 20px; color: #ffffff;\"><strong data-start=\"1211\" data-end=\"1274\">Exklusive Strategiegespr\u00e4che \u2013 Keine kostenlosen Beratungen<\/strong><\/span><\/h3><p data-start=\"1278\" data-end=\"1383\"><br \/>Unsere Klienten suchen keine <strong data-start=\"1307\" data-end=\"1327\">Standardl\u00f6sungen<\/strong>, sondern <strong data-start=\"1337\" data-end=\"1381\">ma\u00dfgeschneiderte, tragf\u00e4hige Strategien.<\/strong><\/p><p data-start=\"1385\" data-end=\"1569\">Daher bieten wir <strong data-start=\"1402\" data-end=\"1437\">keine kostenlosen Erstgespr\u00e4che<\/strong>, sondern ein <strong data-start=\"1451\" data-end=\"1483\">exklusives Strategiegespr\u00e4ch<\/strong>, das Ihnen <strong data-start=\"1495\" data-end=\"1558\">strategische Klarheit &amp; eine individuell optimierte Roadmap<\/strong> liefert.<\/p><p data-start=\"1571\" data-end=\"1589\"><strong data-start=\"1571\" data-end=\"1587\">Ihr Vorteil:<\/strong><\/p><ul data-start=\"1590\" data-end=\"1820\"><li data-start=\"1590\" data-end=\"1663\"><strong data-start=\"1592\" data-end=\"1661\">Pr\u00e4zise Analyse Ihrer finanziellen &amp; unternehmerischen Situation.<\/strong><\/li><li data-start=\"1664\" data-end=\"1741\"><strong data-start=\"1666\" data-end=\"1739\">Ma\u00dfgeschneiderte Strategie f\u00fcr langfristige finanzielle Souver\u00e4nit\u00e4t.<\/strong><\/li><li data-start=\"1742\" data-end=\"1820\"><strong data-start=\"1744\" data-end=\"1818\">Zugang zu exklusiven L\u00f6sungen &amp; einem hochkar\u00e4tigen globalen Netzwerk.<\/strong><\/li><\/ul><h3 data-start=\"1822\" data-end=\"1857\"><span style=\"font-size: 19px; color: #ffffff;\"><strong data-start=\"1826\" data-end=\"1855\">Warum No Borders Founder?<\/strong><\/span><\/h3><p data-start=\"1859\" data-end=\"2451\"><strong data-start=\"1862\" data-end=\"1920\"><br \/>Elite Advisory f\u00fcr Unternehmer, HNWIs &amp; Family Offices<\/strong> <br \/>\u2013 Keine Massenberatung, sondern selektive Zusammenarbeit mit anspruchsvollen Klienten.<br data-start=\"2007\" data-end=\"2010\" \/><strong data-start=\"2013\" data-end=\"2058\"><br \/>Corporate Structuring &amp; Wealth Protection<\/strong> <br \/>\u2013 Steueroptimierte Holdingstrukturen, rechtssichere Asset Protection &amp; exklusive Private Banking-L\u00f6sungen.<br data-start=\"2165\" data-end=\"2168\" \/><strong data-start=\"2171\" data-end=\"2219\"><br \/>Globale Mobilit\u00e4ts- &amp; Citizenship-Strategien<\/strong> <br \/>\u2013 Zugang zu den weltweit besten <strong data-start=\"2252\" data-end=\"2310\">Residency &amp; Citizenship by Investment (CBI) Programmen<\/strong>.<br data-start=\"2311\" data-end=\"2314\" \/><strong data-start=\"2317\" data-end=\"2362\"><br \/>Langfristige Planung &amp; Verm\u00f6genssicherung<\/strong> <br \/>\u2013 Keine kurzfristigen L\u00f6sungen, sondern nachhaltige Finanzstrategien f\u00fcr Generationen.<\/p><h3 data-start=\"2453\" data-end=\"2483\"><span style=\"font-size: 19px; color: #ffffff;\"><strong data-start=\"2457\" data-end=\"2481\">Ihr n\u00e4chster Schritt<\/strong><\/span><\/h3><p data-start=\"2485\" data-end=\"2602\"><br \/>Wenn Sie eine <strong data-start=\"2499\" data-end=\"2569\">ma\u00dfgeschneiderte, steueroptimierte Unternehmens- &amp; Finanzstrategie<\/strong> suchen, sind Sie hier richtig.<br \/><br \/><\/p>\t\t\t\t\t\t\t\t<\/div>\n\t\t\t\t<\/div>\n\t\t\t\t\t<\/div>\n\t\t<\/div>\n\t\t\t\t\t<\/div>\n\t\t<\/section>\n\t\t\t\t\t<\/div>\n\t\t<\/div>\n\t\t\t\t\t<\/div>\n\t\t<\/section>\n\t\t\t\t<section class=\"elementor-section elementor-top-section elementor-element elementor-element-43f1b06 elementor-section-boxed elementor-section-height-default elementor-section-height-default\" data-id=\"43f1b06\" data-element_type=\"section\" data-e-type=\"section\" data-settings=\"{&quot;jet_parallax_layout_list&quot;:[],&quot;background_background&quot;:&quot;classic&quot;}\">\n\t\t\t\t\t\t<div class=\"elementor-container elementor-column-gap-default\">\n\t\t\t\t\t<div class=\"elementor-column elementor-col-100 elementor-top-column elementor-element elementor-element-ee62fe9\" data-id=\"ee62fe9\" data-element_type=\"column\" data-e-type=\"column\">\n\t\t\t<div class=\"elementor-widget-wrap\">\n\t\t\t\t\t\t\t<\/div>\n\t\t<\/div>\n\t\t\t\t\t<\/div>\n\t\t<\/section>\n\t\t\t\t<section class=\"elementor-section elementor-top-section elementor-element elementor-element-0a87792 elementor-section-boxed elementor-section-height-default elementor-section-height-default\" data-id=\"0a87792\" data-element_type=\"section\" data-e-type=\"section\" data-settings=\"{&quot;jet_parallax_layout_list&quot;:[]}\">\n\t\t\t\t\t\t<div class=\"elementor-container elementor-column-gap-default\">\n\t\t\t\t\t<div class=\"elementor-column elementor-col-100 elementor-top-column elementor-element elementor-element-7d3ff93\" data-id=\"7d3ff93\" data-element_type=\"column\" data-e-type=\"column\">\n\t\t\t<div class=\"elementor-widget-wrap\">\n\t\t\t\t\t\t\t<\/div>\n\t\t<\/div>\n\t\t\t\t\t<\/div>\n\t\t<\/section>\n\t\t\t\t<section class=\"elementor-section elementor-top-section elementor-element elementor-element-9e6c4e1 elementor-section-boxed elementor-section-height-default elementor-section-height-default\" data-id=\"9e6c4e1\" data-element_type=\"section\" data-e-type=\"section\" data-settings=\"{&quot;jet_parallax_layout_list&quot;:[]}\">\n\t\t\t\t\t\t<div class=\"elementor-container elementor-column-gap-default\">\n\t\t\t\t\t<div class=\"elementor-column elementor-col-100 elementor-top-column elementor-element elementor-element-761c260\" data-id=\"761c260\" data-element_type=\"column\" data-e-type=\"column\">\n\t\t\t<div class=\"elementor-widget-wrap\">\n\t\t\t\t\t\t\t<\/div>\n\t\t<\/div>\n\t\t\t\t\t<\/div>\n\t\t<\/section>\n\t\t\t\t<section class=\"elementor-section elementor-top-section elementor-element elementor-element-e153f2d elementor-section-boxed elementor-section-height-default elementor-section-height-default\" data-id=\"e153f2d\" data-element_type=\"section\" data-e-type=\"section\" data-settings=\"{&quot;jet_parallax_layout_list&quot;:[]}\">\n\t\t\t\t\t\t<div class=\"elementor-container elementor-column-gap-default\">\n\t\t\t\t\t<div class=\"elementor-column elementor-col-100 elementor-top-column elementor-element elementor-element-2295559\" data-id=\"2295559\" data-element_type=\"column\" data-e-type=\"column\">\n\t\t\t<div class=\"elementor-widget-wrap elementor-element-populated\">\n\t\t\t\t\t\t<section class=\"elementor-section elementor-inner-section elementor-element elementor-element-6b08eb7 elementor-section-boxed elementor-section-height-default elementor-section-height-default\" data-id=\"6b08eb7\" data-element_type=\"section\" data-e-type=\"section\" data-settings=\"{&quot;jet_parallax_layout_list&quot;:[]}\">\n\t\t\t\t\t\t<div class=\"elementor-container elementor-column-gap-default\">\n\t\t\t\t\t<div class=\"elementor-column elementor-col-100 elementor-inner-column elementor-element elementor-element-ebd79a3\" data-id=\"ebd79a3\" data-element_type=\"column\" data-e-type=\"column\">\n\t\t\t<div class=\"elementor-widget-wrap elementor-element-populated\">\n\t\t\t\t\t\t<div class=\"elementor-element elementor-element-d534f4d elementor-widget elementor-widget-text-editor\" data-id=\"d534f4d\" data-element_type=\"widget\" data-e-type=\"widget\" data-widget_type=\"text-editor.default\">\n\t\t\t\t<div class=\"elementor-widget-container\">\n\t\t\t\t\t\t\t\t\t<p><!-- Calendly Inline-Widget Beginn --><\/p><div class=\"calendly-inline-widget\" style=\"min-width: 320px; height: 700px;\" data-url=\"https:\/\/calendly.com\/alexandererber\/strategy-call\">\u00a0<\/div><p><script type=\"text\/javascript\" src=\"https:\/\/assets.calendly.com\/assets\/external\/widget.js\" async><\/script><br \/><!-- Calendly Inline-Widget Ende --><\/p>\t\t\t\t\t\t\t\t<\/div>\n\t\t\t\t<\/div>\n\t\t\t\t\t<\/div>\n\t\t<\/div>\n\t\t\t\t\t<\/div>\n\t\t<\/section>\n\t\t\t\t\t<\/div>\n\t\t<\/div>\n\t\t\t\t\t<\/div>\n\t\t<\/section>\n\t\t\t\t<\/div>\n\t\t","protected":false},"excerpt":{"rendered":"<p>Direkter Zugang zu internationaler Finanzstrategie &amp; unternehmerischer Souver\u00e4nit\u00e4t. Ma\u00dfgeschneiderte Strategien f\u00fcr finanzielle Souver\u00e4nit\u00e4t, globale Mobilit\u00e4t &amp; langfristigen Verm\u00f6gensschutz. No Borders Founder \u2013 Exklusive Strategie f\u00fcr Unternehmer, Investoren &amp; Family Offices Erfolg ist kein Zufall \u2013 sondern das Resultat strategischer Weitsicht, pr\u00e4ziser Planung &amp; rechtssicherer Strukturen. No Borders Founder ist eine exklusive Advisory Boutique, spezialisiert auf [&hellip;]<\/p>\n","protected":false},"author":7,"featured_media":0,"parent":0,"menu_order":0,"comment_status":"closed","ping_status":"closed","template":"elementor_header_footer","meta":{"site-sidebar-layout":"no-sidebar","site-content-layout":"page-builder","ast-site-content-layout":"default","site-content-style":"default","site-sidebar-style":"default","ast-global-header-display":"","ast-banner-title-visibility":"","ast-main-header-display":"","ast-hfb-above-header-display":"","ast-hfb-below-header-display":"","ast-hfb-mobile-header-display":"","site-post-title":"disabled","ast-breadcrumbs-content":"","ast-featured-img":"disabled","footer-sml-layout":"","ast-disable-related-posts":"","theme-transparent-header-meta":"default","adv-header-id-meta":"","stick-header-meta":"","header-above-stick-meta":"","header-main-stick-meta":"","header-below-stick-meta":"","astra-migrate-meta-layouts":"default","ast-page-background-enabled":"default","ast-page-background-meta":{"desktop":{"background-color":"var(--ast-global-color-4)","background-image":"","background-repeat":"repeat","background-position":"center center","background-size":"auto","background-attachment":"scroll","background-type":"","background-media":"","overlay-type":"","overlay-color":"","overlay-opacity":"","overlay-gradient":""},"tablet":{"background-color":"","background-image":"","background-repeat":"repeat","background-position":"center center","background-size":"auto","background-attachment":"scroll","background-type":"","background-media":"","overlay-type":"","overlay-color":"","overlay-opacity":"","overlay-gradient":""},"mobile":{"background-color":"","background-image":"","background-repeat":"repeat","background-position":"center center","background-size":"auto","background-attachment":"scroll","background-type":"","background-media":"","overlay-type":"","overlay-color":"","overlay-opacity":"","overlay-gradient":""}},"ast-content-background-meta":{"desktop":{"background-color":"var(--ast-global-color-5)","background-image":"","background-repeat":"repeat","background-position":"center center","background-size":"auto","background-attachment":"scroll","background-type":"","background-media":"","overlay-type":"","overlay-color":"","overlay-opacity":"","overlay-gradient":""},"tablet":{"background-color":"var(--ast-global-color-5)","background-image":"","background-repeat":"repeat","background-position":"center center","background-size":"auto","background-attachment":"scroll","background-type":"","background-media":"","overlay-type":"","overlay-color":"","overlay-opacity":"","overlay-gradient":""},"mobile":{"background-color":"var(--ast-global-color-5)","background-image":"","background-repeat":"repeat","background-position":"center center","background-size":"auto","background-attachment":"scroll","background-type":"","background-media":"","overlay-type":"","overlay-color":"","overlay-opacity":"","overlay-gradient":""}},"footnotes":""},"class_list":["post-19","page","type-page","status-publish","hentry"],"_links":{"self":[{"href":"https:\/\/nobordersfounder.com\/de\/wp-json\/wp\/v2\/pages\/19","targetHints":{"allow":["GET"]}}],"collection":[{"href":"https:\/\/nobordersfounder.com\/de\/wp-json\/wp\/v2\/pages"}],"about":[{"href":"https:\/\/nobordersfounder.com\/de\/wp-json\/wp\/v2\/types\/page"}],"author":[{"embeddable":true,"href":"https:\/\/nobordersfounder.com\/de\/wp-json\/wp\/v2\/users\/7"}],"replies":[{"embeddable":true,"href":"https:\/\/nobordersfounder.com\/de\/wp-json\/wp\/v2\/comments?post=19"}],"version-history":[{"count":0,"href":"https:\/\/nobordersfounder.com\/de\/wp-json\/wp\/v2\/pages\/19\/revisions"}],"wp:attachment":[{"href":"https:\/\/nobordersfounder.com\/de\/wp-json\/wp\/v2\/media?parent=19"}],"curies":[{"name":"wp","href":"https:\/\/api.w.org\/{rel}","templated":true}]}}